{"id":1141,"date":"2025-03-20T03:43:17","date_gmt":"2025-03-20T03:43:17","guid":{"rendered":"https:\/\/www.aperosmaravilla.com\/product\/fonseca-tallada-3\/"},"modified":"2025-08-19T22:50:30","modified_gmt":"2025-08-19T22:50:30","slug":"fonseca-tallada-3","status":"publish","type":"product","link":"https:\/\/www.aperosmaravilla.com\/en\/product\/fonseca-tallada-3\/","title":{"rendered":"Fonseca Carved"},"content":{"rendered":"<h2><strong>Fonseca Carved<\/strong><\/h2>\n<p>Les brindamos esta opci\u00f3n de silla Fonseca porque el retobo blanco siempre ser\u00e1 una combinaci\u00f3n ideal con el cuero negro. Adem\u00e1s, incorporamos una cabeza tipo chaparral l\u00ednea paseo en acero brillante, logrando un contraste equilibrado entre estos tres elementos. El color negro con sus tallados, el retobo blanco resistente y los cerrajes en acero brillante se complementan perfectamente, resaltando cada detalle de la montura. Esta fusi\u00f3n de materiales y acabados da como resultado una silla sobresaliente de excelenteS detalles.<\/p>\n<p>&nbsp;<\/p>\n<table style=\"height: 364px;\" width=\"808\">\n<tbody>\n<tr>\n<th><img decoding=\"async\" class=\"wp-image-3003 aligncenter lazyload\" data-src=\"https:\/\/www.aperosmaravilla.com\/wp-content\/uploads\/2025\/04\/Delantera-400x400.webp\" alt=\"\" width=\"200\" height=\"200\" data-srcset=\"https:\/\/www.aperosmaravilla.com\/wp-content\/uploads\/2025\/04\/Delantera-400x400.webp 400w, https:\/\/www.aperosmaravilla.com\/wp-content\/uploads\/2025\/04\/Delantera-800x800.webp 800w, https:\/\/www.aperosmaravilla.com\/wp-content\/uploads\/2025\/04\/Delantera-280x280.webp 280w, https:\/\/www.aperosmaravilla.com\/wp-content\/uploads\/2025\/04\/Delantera-768x768.webp 768w, https:\/\/www.aperosmaravilla.com\/wp-content\/uploads\/2025\/04\/Delantera-12x12.webp 12w, https:\/\/www.aperosmaravilla.com\/wp-content\/uploads\/2025\/04\/Delantera-100x100.webp 100w, https:\/\/www.aperosmaravilla.com\/wp-content\/uploads\/2025\/04\/Delantera-50x50.webp 50w, https:\/\/www.aperosmaravilla.com\/wp-content\/uploads\/2025\/04\/Delantera.webp 1024w\" data-sizes=\"(max-width: 200px) 100vw, 200px\" src=\"data:image\/svg+xml;base64,PHN2ZyB3aWR0aD0iMSIgaGVpZ2h0PSIxIiB4bWxucz0iaHR0cDovL3d3dy53My5vcmcvMjAwMC9zdmciPjwvc3ZnPg==\" style=\"--smush-placeholder-width: 200px; --smush-placeholder-aspect-ratio: 200\/200;\" \/><\/th>\n<th><img decoding=\"async\" class=\"wp-image-3002 aligncenter lazyload\" data-src=\"https:\/\/www.aperosmaravilla.com\/wp-content\/uploads\/2025\/04\/Lateral-400x400.webp\" alt=\"\" width=\"200\" height=\"200\" data-srcset=\"https:\/\/www.aperosmaravilla.com\/wp-content\/uploads\/2025\/04\/Lateral-400x400.webp 400w, https:\/\/www.aperosmaravilla.com\/wp-content\/uploads\/2025\/04\/Lateral-800x800.webp 800w, https:\/\/www.aperosmaravilla.com\/wp-content\/uploads\/2025\/04\/Lateral-280x280.webp 280w, https:\/\/www.aperosmaravilla.com\/wp-content\/uploads\/2025\/04\/Lateral-768x768.webp 768w, https:\/\/www.aperosmaravilla.com\/wp-content\/uploads\/2025\/04\/Lateral-12x12.webp 12w, https:\/\/www.aperosmaravilla.com\/wp-content\/uploads\/2025\/04\/Lateral-100x100.webp 100w, https:\/\/www.aperosmaravilla.com\/wp-content\/uploads\/2025\/04\/Lateral-50x50.webp 50w, https:\/\/www.aperosmaravilla.com\/wp-content\/uploads\/2025\/04\/Lateral.webp 1024w\" data-sizes=\"(max-width: 200px) 100vw, 200px\" src=\"data:image\/svg+xml;base64,PHN2ZyB3aWR0aD0iMSIgaGVpZ2h0PSIxIiB4bWxucz0iaHR0cDovL3d3dy53My5vcmcvMjAwMC9zdmciPjwvc3ZnPg==\" style=\"--smush-placeholder-width: 200px; --smush-placeholder-aspect-ratio: 200\/200;\" \/><\/th>\n<th><img decoding=\"async\" class=\"wp-image-3001 aligncenter lazyload\" data-src=\"https:\/\/www.aperosmaravilla.com\/wp-content\/uploads\/2025\/04\/Trasera-400x400.webp\" alt=\"\" width=\"200\" height=\"200\" data-srcset=\"https:\/\/www.aperosmaravilla.com\/wp-content\/uploads\/2025\/04\/Trasera-400x400.webp 400w, https:\/\/www.aperosmaravilla.com\/wp-content\/uploads\/2025\/04\/Trasera-800x800.webp 800w, https:\/\/www.aperosmaravilla.com\/wp-content\/uploads\/2025\/04\/Trasera-280x280.webp 280w, https:\/\/www.aperosmaravilla.com\/wp-content\/uploads\/2025\/04\/Trasera-768x768.webp 768w, https:\/\/www.aperosmaravilla.com\/wp-content\/uploads\/2025\/04\/Trasera-12x12.webp 12w, https:\/\/www.aperosmaravilla.com\/wp-content\/uploads\/2025\/04\/Trasera-100x100.webp 100w, https:\/\/www.aperosmaravilla.com\/wp-content\/uploads\/2025\/04\/Trasera-50x50.webp 50w, https:\/\/www.aperosmaravilla.com\/wp-content\/uploads\/2025\/04\/Trasera.webp 1024w\" data-sizes=\"(max-width: 200px) 100vw, 200px\" src=\"data:image\/svg+xml;base64,PHN2ZyB3aWR0aD0iMSIgaGVpZ2h0PSIxIiB4bWxucz0iaHR0cDovL3d3dy53My5vcmcvMjAwMC9zdmciPjwvc3ZnPg==\" style=\"--smush-placeholder-width: 200px; --smush-placeholder-aspect-ratio: 200\/200;\" \/><\/th>\n<\/tr>\n<tr>\n<td style=\"text-align: center;\"><span style=\"font-family: milena-inked; font-size: 140%;\">Medida entre Barras<\/span><\/td>\n<td style=\"text-align: center;\"><span style=\"font-family: milena-inked; font-size: 140%;\">Medidas Disponibles<\/span><\/td>\n<td style=\"text-align: center;\"><span style=\"font-family: milena-inked; font-size: 140%;\">Altura de trasero <\/span><\/td>\n<\/tr>\n<tr>\n<td style=\"text-align: center;\">Para Criollo 6<span style=\"font-family: milena-inked;\"><span style=\"font-size: 20.16px;\">&#8220;<\/span><\/span><\/td>\n<td style=\"text-align: center;\">14&#8243; 14.5&#8243; 15&#8243; 15.5&#8243; 16&#8243; 16.5&#8243;<\/td>\n<td style=\"text-align: center;\">3.5&#8243; 4&#8243;<\/td>\n<\/tr>\n<\/tbody>\n<\/table>\n<p>&nbsp;<\/p>","protected":false},"excerpt":{"rendered":"<p>\u00bfQuieres ver una silla Fonseca diferente? Esta edici\u00f3n es la mejor opci\u00f3n. Su borr\u00e9n delantero combina tallado a mano con tejido plano en retobo, una fusi\u00f3n \u00fanica que resalta su exclusividad. Los detalles en retobo blanco crean un contraste elegante con el cuero negro, brindando un dise\u00f1o que impacta por su autenticidad y car\u00e1cter.<\/p>\n<p>\u00bfQuieres esta? Hablemos por WhatsApp<\/p>","protected":false},"featured_media":1072,"comment_status":"closed","ping_status":"closed","template":"","meta":{"inline_featured_image":false},"product_brand":[],"product_cat":[107,109,108],"product_tag":[],"class_list":{"0":"post-1141","1":"product","2":"type-product","3":"status-publish","4":"has-post-thumbnail","6":"product_cat-nuestras-sillas-de-montar","7":"product_cat-sillas-de-cabalgata","8":"product_cat-sillas-de-paseo","10":"first","11":"instock","12":"purchasable","13":"product-type-simple"},"yoast_head":"<!-- This site is optimized with the Yoast SEO Premium plugin v25.7 (Yoast SEO v26.3) - https:\/\/yoast.com\/wordpress\/plugins\/seo\/ -->\n<title>Fonseca Tallada - Aperos Maravilla<\/title>\n<meta name=\"robots\" content=\"index, follow, max-snippet:-1, max-image-preview:large, max-video-preview:-1\" \/>\n<link rel=\"canonical\" href=\"https:\/\/www.aperosmaravilla.com\/en\/product\/fonseca-tallada-3\/?wmc-currency=USD\" \/>\n<meta property=\"og:locale\" content=\"en_US\" \/>\n<meta property=\"og:type\" content=\"article\" \/>\n<meta property=\"og:title\" content=\"Fonseca Tallada\" \/>\n<meta property=\"og:description\" content=\"\u00bfQuieres ver una silla Fonseca diferente? Esta edici\u00f3n es la mejor opci\u00f3n. Su borr\u00e9n delantero combina tallado a mano con tejido plano en retobo, una fusi\u00f3n \u00fanica que resalta su exclusividad. Los detalles en retobo blanco crean un contraste elegante con el cuero negro, brindando un dise\u00f1o que impacta por su autenticidad y car\u00e1cter.  \u00bfQuieres esta? Hablemos por WhatsApp\" \/>\n<meta property=\"og:url\" content=\"https:\/\/www.aperosmaravilla.com\/en\/product\/fonseca-tallada-3\/?wmc-currency=USD\" \/>\n<meta property=\"og:site_name\" content=\"Aperos Maravilla\" \/>\n<meta property=\"article:publisher\" content=\"https:\/\/www.facebook.com\/aperosmaravilla\" \/>\n<meta property=\"article:modified_time\" content=\"2025-08-19T22:50:30+00:00\" \/>\n<meta property=\"og:image\" content=\"https:\/\/www.aperosmaravilla.com\/wp-content\/uploads\/2025\/03\/MP-039-FON.jpeg\" \/>\n\t<meta property=\"og:image:width\" content=\"960\" \/>\n\t<meta property=\"og:image:height\" content=\"1280\" \/>\n\t<meta property=\"og:image:type\" content=\"image\/jpeg\" \/>\n<meta name=\"twitter:card\" content=\"summary_large_image\" \/>\n<script type=\"application\/ld+json\" class=\"yoast-schema-graph\">{\"@context\":\"https:\/\/schema.org\",\"@graph\":[{\"@type\":\"WebPage\",\"@id\":\"https:\/\/www.aperosmaravilla.com\/product\/fonseca-tallada-3\/\",\"url\":\"https:\/\/www.aperosmaravilla.com\/product\/fonseca-tallada-3\/\",\"name\":\"Fonseca Tallada - Aperos Maravilla\",\"isPartOf\":{\"@id\":\"https:\/\/www.aperosmaravilla.com\/#website\"},\"primaryImageOfPage\":{\"@id\":\"https:\/\/www.aperosmaravilla.com\/product\/fonseca-tallada-3\/#primaryimage\"},\"image\":{\"@id\":\"https:\/\/www.aperosmaravilla.com\/product\/fonseca-tallada-3\/#primaryimage\"},\"thumbnailUrl\":\"https:\/\/www.aperosmaravilla.com\/wp-content\/uploads\/2025\/03\/MP-039-FON.jpeg\",\"datePublished\":\"2025-03-20T03:43:17+00:00\",\"dateModified\":\"2025-08-19T22:50:30+00:00\",\"breadcrumb\":{\"@id\":\"https:\/\/www.aperosmaravilla.com\/product\/fonseca-tallada-3\/#breadcrumb\"},\"inLanguage\":\"en-US\",\"potentialAction\":[{\"@type\":\"ReadAction\",\"target\":[\"https:\/\/www.aperosmaravilla.com\/product\/fonseca-tallada-3\/\"]}]},{\"@type\":\"ImageObject\",\"inLanguage\":\"en-US\",\"@id\":\"https:\/\/www.aperosmaravilla.com\/product\/fonseca-tallada-3\/#primaryimage\",\"url\":\"https:\/\/www.aperosmaravilla.com\/wp-content\/uploads\/2025\/03\/MP-039-FON.jpeg\",\"contentUrl\":\"https:\/\/www.aperosmaravilla.com\/wp-content\/uploads\/2025\/03\/MP-039-FON.jpeg\",\"width\":960,\"height\":1280},{\"@type\":\"BreadcrumbList\",\"@id\":\"https:\/\/www.aperosmaravilla.com\/product\/fonseca-tallada-3\/#breadcrumb\",\"itemListElement\":[{\"@type\":\"ListItem\",\"position\":1,\"name\":\"Portada\",\"item\":\"https:\/\/www.aperosmaravilla.com\/\"},{\"@type\":\"ListItem\",\"position\":2,\"name\":\"Cat\u00e1logo\",\"item\":\"https:\/\/www.aperosmaravilla.com\/catalogo\/\"},{\"@type\":\"ListItem\",\"position\":3,\"name\":\"Fonseca Tallada\"}]},{\"@type\":\"WebSite\",\"@id\":\"https:\/\/www.aperosmaravilla.com\/#website\",\"url\":\"https:\/\/www.aperosmaravilla.com\/\",\"name\":\"Aperos Maravilla\",\"description\":\"Fabricamos sillas de montar, creamos piezas de arte de alta calidad con artesanos que buscan la perfecci&oacute;n en cada detalle.\",\"publisher\":{\"@id\":\"https:\/\/www.aperosmaravilla.com\/#organization\"},\"potentialAction\":[{\"@type\":\"SearchAction\",\"target\":{\"@type\":\"EntryPoint\",\"urlTemplate\":\"https:\/\/www.aperosmaravilla.com\/?s={search_term_string}\"},\"query-input\":{\"@type\":\"PropertyValueSpecification\",\"valueRequired\":true,\"valueName\":\"search_term_string\"}}],\"inLanguage\":\"en-US\"},{\"@type\":\"Organization\",\"@id\":\"https:\/\/www.aperosmaravilla.com\/#organization\",\"name\":\"Aperos Maravilla\",\"url\":\"https:\/\/www.aperosmaravilla.com\/\",\"logo\":{\"@type\":\"ImageObject\",\"inLanguage\":\"en-US\",\"@id\":\"https:\/\/www.aperosmaravilla.com\/#\/schema\/logo\/image\/\",\"url\":\"https:\/\/www.aperosmaravilla.com\/wp-content\/uploads\/2025\/08\/pagina-principal.jpg\",\"contentUrl\":\"https:\/\/www.aperosmaravilla.com\/wp-content\/uploads\/2025\/08\/pagina-principal.jpg\",\"width\":1200,\"height\":812,\"caption\":\"Aperos Maravilla\"},\"image\":{\"@id\":\"https:\/\/www.aperosmaravilla.com\/#\/schema\/logo\/image\/\"},\"sameAs\":[\"https:\/\/www.facebook.com\/aperosmaravilla\"]}]}<\/script>\n<!-- \/ Yoast SEO Premium plugin. -->","yoast_head_json":{"title":"Fonseca Tallada - Aperos Maravilla","robots":{"index":"index","follow":"follow","max-snippet":"max-snippet:-1","max-image-preview":"max-image-preview:large","max-video-preview":"max-video-preview:-1"},"canonical":"https:\/\/www.aperosmaravilla.com\/en\/product\/fonseca-tallada-3\/?wmc-currency=USD","og_locale":"en_US","og_type":"article","og_title":"Fonseca Tallada","og_description":"\u00bfQuieres ver una silla Fonseca diferente? Esta edici\u00f3n es la mejor opci\u00f3n. Su borr\u00e9n delantero combina tallado a mano con tejido plano en retobo, una fusi\u00f3n \u00fanica que resalta su exclusividad. Los detalles en retobo blanco crean un contraste elegante con el cuero negro, brindando un dise\u00f1o que impacta por su autenticidad y car\u00e1cter.  \u00bfQuieres esta? Hablemos por WhatsApp","og_url":"https:\/\/www.aperosmaravilla.com\/en\/product\/fonseca-tallada-3\/?wmc-currency=USD","og_site_name":"Aperos Maravilla","article_publisher":"https:\/\/www.facebook.com\/aperosmaravilla","article_modified_time":"2025-08-19T22:50:30+00:00","og_image":[{"width":960,"height":1280,"url":"https:\/\/www.aperosmaravilla.com\/wp-content\/uploads\/2025\/03\/MP-039-FON.jpeg","type":"image\/jpeg"}],"twitter_card":"summary_large_image","schema":{"@context":"https:\/\/schema.org","@graph":[{"@type":"WebPage","@id":"https:\/\/www.aperosmaravilla.com\/product\/fonseca-tallada-3\/","url":"https:\/\/www.aperosmaravilla.com\/product\/fonseca-tallada-3\/","name":"Fonseca Tallada - Aperos Maravilla","isPartOf":{"@id":"https:\/\/www.aperosmaravilla.com\/#website"},"primaryImageOfPage":{"@id":"https:\/\/www.aperosmaravilla.com\/product\/fonseca-tallada-3\/#primaryimage"},"image":{"@id":"https:\/\/www.aperosmaravilla.com\/product\/fonseca-tallada-3\/#primaryimage"},"thumbnailUrl":"https:\/\/www.aperosmaravilla.com\/wp-content\/uploads\/2025\/03\/MP-039-FON.jpeg","datePublished":"2025-03-20T03:43:17+00:00","dateModified":"2025-08-19T22:50:30+00:00","breadcrumb":{"@id":"https:\/\/www.aperosmaravilla.com\/product\/fonseca-tallada-3\/#breadcrumb"},"inLanguage":"en-US","potentialAction":[{"@type":"ReadAction","target":["https:\/\/www.aperosmaravilla.com\/product\/fonseca-tallada-3\/"]}]},{"@type":"ImageObject","inLanguage":"en-US","@id":"https:\/\/www.aperosmaravilla.com\/product\/fonseca-tallada-3\/#primaryimage","url":"https:\/\/www.aperosmaravilla.com\/wp-content\/uploads\/2025\/03\/MP-039-FON.jpeg","contentUrl":"https:\/\/www.aperosmaravilla.com\/wp-content\/uploads\/2025\/03\/MP-039-FON.jpeg","width":960,"height":1280},{"@type":"BreadcrumbList","@id":"https:\/\/www.aperosmaravilla.com\/product\/fonseca-tallada-3\/#breadcrumb","itemListElement":[{"@type":"ListItem","position":1,"name":"Portada","item":"https:\/\/www.aperosmaravilla.com\/"},{"@type":"ListItem","position":2,"name":"Cat\u00e1logo","item":"https:\/\/www.aperosmaravilla.com\/catalogo\/"},{"@type":"ListItem","position":3,"name":"Fonseca Tallada"}]},{"@type":"WebSite","@id":"https:\/\/www.aperosmaravilla.com\/#website","url":"https:\/\/www.aperosmaravilla.com\/","name":"Tools Marvel","description":"Fabricamos sillas de montar, creamos piezas de arte de alta calidad con artesanos que buscan la perfecci&oacute;n en cada detalle.","publisher":{"@id":"https:\/\/www.aperosmaravilla.com\/#organization"},"potentialAction":[{"@type":"SearchAction","target":{"@type":"EntryPoint","urlTemplate":"https:\/\/www.aperosmaravilla.com\/?s={search_term_string}"},"query-input":{"@type":"PropertyValueSpecification","valueRequired":true,"valueName":"search_term_string"}}],"inLanguage":"en-US"},{"@type":"Organization","@id":"https:\/\/www.aperosmaravilla.com\/#organization","name":"Tools Marvel","url":"https:\/\/www.aperosmaravilla.com\/","logo":{"@type":"ImageObject","inLanguage":"en-US","@id":"https:\/\/www.aperosmaravilla.com\/#\/schema\/logo\/image\/","url":"https:\/\/www.aperosmaravilla.com\/wp-content\/uploads\/2025\/08\/pagina-principal.jpg","contentUrl":"https:\/\/www.aperosmaravilla.com\/wp-content\/uploads\/2025\/08\/pagina-principal.jpg","width":1200,"height":812,"caption":"Aperos Maravilla"},"image":{"@id":"https:\/\/www.aperosmaravilla.com\/#\/schema\/logo\/image\/"},"sameAs":["https:\/\/www.facebook.com\/aperosmaravilla"]}]}},"_links":{"self":[{"href":"https:\/\/www.aperosmaravilla.com\/en\/wp-json\/wp\/v2\/product\/1141","targetHints":{"allow":["GET"]}}],"collection":[{"href":"https:\/\/www.aperosmaravilla.com\/en\/wp-json\/wp\/v2\/product"}],"about":[{"href":"https:\/\/www.aperosmaravilla.com\/en\/wp-json\/wp\/v2\/types\/product"}],"replies":[{"embeddable":true,"href":"https:\/\/www.aperosmaravilla.com\/en\/wp-json\/wp\/v2\/comments?post=1141"}],"wp:featuredmedia":[{"embeddable":true,"href":"https:\/\/www.aperosmaravilla.com\/en\/wp-json\/wp\/v2\/media\/1072"}],"wp:attachment":[{"href":"https:\/\/www.aperosmaravilla.com\/en\/wp-json\/wp\/v2\/media?parent=1141"}],"wp:term":[{"taxonomy":"product_brand","embeddable":true,"href":"https:\/\/www.aperosmaravilla.com\/en\/wp-json\/wp\/v2\/product_brand?post=1141"},{"taxonomy":"product_cat","embeddable":true,"href":"https:\/\/www.aperosmaravilla.com\/en\/wp-json\/wp\/v2\/product_cat?post=1141"},{"taxonomy":"product_tag","embeddable":true,"href":"https:\/\/www.aperosmaravilla.com\/en\/wp-json\/wp\/v2\/product_tag?post=1141"}],"curies":[{"name":"wp","href":"https:\/\/api.w.org\/{rel}","templated":true}]}}