{"id":2681,"date":"2025-04-08T23:42:10","date_gmt":"2025-04-08T23:42:10","guid":{"rendered":"https:\/\/www.aperosmaravilla.com\/product\/frenos-26\/"},"modified":"2025-08-19T14:26:33","modified_gmt":"2025-08-19T14:26:33","slug":"frenos-26","status":"publish","type":"product","link":"https:\/\/www.aperosmaravilla.com\/ar\/product\/frenos-26\/","title":{"rendered":"Sapo Bocado U Cerrada"},"content":{"rendered":"<p>Yo, como chal\u00e1n, veterinario y propietario de caballos criollos colombianos, puedo afirmarte que el Sapo Bocado U Cerrada es un freno pensado para lograr la m\u00e1xima comunicaci\u00f3n con tu caballo, sin sacrificar comodidad. Su dise\u00f1o de \u201cU cerrada\u201d distribuye la presi\u00f3n de manera uniforme, evitando puntos de incomodidad y favoreciendo una respuesta suave pero efectiva.<\/p>\n<p>Los aros y patas en acero inoxidable, combinados con piezas en cobre, estimulan la salivaci\u00f3n y promueven la relajaci\u00f3n mandibular, clave para un caballo receptivo y atento. Los adornos tipo \u201csapo\u201d no solo aportan un toque est\u00e9tico \u00fanico, sino que tambi\u00e9n refuerzan la estructura y la estabilidad del freno.<\/p>\n<p>Es una herramienta que equilibra belleza, tradici\u00f3n y rendimiento, perfecta para cabalgatas largas o para brillar en pista bajo el juzgamiento m\u00e1s exigente.<\/p>","protected":false},"excerpt":{"rendered":"<p>Como chal\u00e1n y conocedor del caballo criollo colombiano, te aseguro que el Sapo Bocado U Cerrada combina firmeza y delicadeza en cada contacto. Ideal para quienes buscan control preciso con un dise\u00f1o llamativo y funcional.<\/p>\n<div class=\"product-short-description\">\n<p>\u00bfQuieres este? Hablemos por WhatsApp<\/p>\n<\/div>\n<div id=\"woocommerce-multi-currency-1\" class=\"woocommerce-multi-currency wmc-price-switcher wmc-switcher-layout-split\" title=\"Please select your currency\">\n<div class=\"wmc-currency-wrapper\">\n<div class=\"wmc-sub-currency\">\n<div class=\"wmc-currency\" data-currency=\"USD\" data-symbol=\"\"><\/div>\n<div class=\"wmc-currency\" data-currency=\"AED\" data-symbol=\"\"><\/div>\n<\/div>\n<\/div>\n<\/div>\n<form class=\"cart\" action=\"https:\/\/www.aperosmaravilla.com\/ar\/product\/frenos-29\/?wmc-currency=AED\" enctype=\"multipart\/form-data\" method=\"post\" data-trp-original-action=\"https:\/\/www.aperosmaravilla.com\/product\/frenos-29\/\">\n<div class=\"ux-quantity quantity buttons_added\"><\/div>\n<input type=\"hidden\" name=\"trp-form-language\" value=\"ar\"\/><\/form>","protected":false},"featured_media":1555,"comment_status":"closed","ping_status":"closed","template":"","meta":{"inline_featured_image":false},"product_brand":[],"product_cat":[118,130],"product_tag":[],"class_list":{"0":"post-2681","1":"product","2":"type-product","3":"status-publish","4":"has-post-thumbnail","6":"product_cat-accesorios","7":"product_cat-frenos","9":"first","10":"instock","11":"purchasable","12":"product-type-simple"},"yoast_head":"<!-- This site is optimized with the Yoast SEO Premium plugin v25.7 (Yoast SEO v26.3) - https:\/\/yoast.com\/wordpress\/plugins\/seo\/ -->\n<title>Sapo Bocado U Cerrada - Aperos Maravilla<\/title>\n<meta name=\"robots\" content=\"index, follow, max-snippet:-1, max-image-preview:large, max-video-preview:-1\" \/>\n<link rel=\"canonical\" href=\"https:\/\/www.aperosmaravilla.com\/ar\/product\/frenos-26\/?wmc-currency=AED\" \/>\n<meta property=\"og:locale\" content=\"ar_AR\" \/>\n<meta property=\"og:type\" content=\"article\" \/>\n<meta property=\"og:title\" content=\"Sapo Bocado U Cerrada\" \/>\n<meta property=\"og:description\" content=\"Como chal\u00e1n y conocedor del caballo criollo colombiano, te aseguro que el Sapo Bocado U Cerrada combina firmeza y delicadeza en cada contacto. Ideal para quienes buscan control preciso con un dise\u00f1o llamativo y funcional.   \u00bfQuieres este? Hablemos por WhatsApp\" \/>\n<meta property=\"og:url\" content=\"https:\/\/www.aperosmaravilla.com\/ar\/product\/frenos-26\/?wmc-currency=AED\" \/>\n<meta property=\"og:site_name\" content=\"Aperos Maravilla\" \/>\n<meta property=\"article:publisher\" content=\"https:\/\/www.facebook.com\/aperosmaravilla\" \/>\n<meta property=\"article:modified_time\" content=\"2025-08-19T14:26:33+00:00\" \/>\n<meta property=\"og:image\" content=\"https:\/\/www.aperosmaravilla.com\/wp-content\/uploads\/2025\/04\/Frenosaperos25.jpg\" \/>\n\t<meta property=\"og:image:width\" content=\"750\" \/>\n\t<meta property=\"og:image:height\" content=\"527\" \/>\n\t<meta property=\"og:image:type\" content=\"image\/jpeg\" \/>\n<meta name=\"twitter:card\" content=\"summary_large_image\" \/>\n<meta name=\"twitter:label1\" content=\"\u0648\u0642\u062a \u0627\u0644\u0642\u0631\u0627\u0621\u0629 \u0627\u0644\u0645\u064f\u0642\u062f\u0651\u0631\" \/>\n\t<meta name=\"twitter:data1\" content=\"\u062f\u0642\u064a\u0642\u0629 \u0648\u0627\u062d\u062f\u0629\" \/>\n<script type=\"application\/ld+json\" class=\"yoast-schema-graph\">{\"@context\":\"https:\/\/schema.org\",\"@graph\":[{\"@type\":\"WebPage\",\"@id\":\"https:\/\/www.aperosmaravilla.com\/product\/frenos-26\/\",\"url\":\"https:\/\/www.aperosmaravilla.com\/product\/frenos-26\/\",\"name\":\"Sapo Bocado U Cerrada - Aperos Maravilla\",\"isPartOf\":{\"@id\":\"https:\/\/www.aperosmaravilla.com\/#website\"},\"primaryImageOfPage\":{\"@id\":\"https:\/\/www.aperosmaravilla.com\/product\/frenos-26\/#primaryimage\"},\"image\":{\"@id\":\"https:\/\/www.aperosmaravilla.com\/product\/frenos-26\/#primaryimage\"},\"thumbnailUrl\":\"https:\/\/www.aperosmaravilla.com\/wp-content\/uploads\/2025\/04\/Frenosaperos25.jpg\",\"datePublished\":\"2025-04-08T23:42:10+00:00\",\"dateModified\":\"2025-08-19T14:26:33+00:00\",\"breadcrumb\":{\"@id\":\"https:\/\/www.aperosmaravilla.com\/product\/frenos-26\/#breadcrumb\"},\"inLanguage\":\"ar\",\"potentialAction\":[{\"@type\":\"ReadAction\",\"target\":[\"https:\/\/www.aperosmaravilla.com\/product\/frenos-26\/\"]}]},{\"@type\":\"ImageObject\",\"inLanguage\":\"ar\",\"@id\":\"https:\/\/www.aperosmaravilla.com\/product\/frenos-26\/#primaryimage\",\"url\":\"https:\/\/www.aperosmaravilla.com\/wp-content\/uploads\/2025\/04\/Frenosaperos25.jpg\",\"contentUrl\":\"https:\/\/www.aperosmaravilla.com\/wp-content\/uploads\/2025\/04\/Frenosaperos25.jpg\",\"width\":750,\"height\":527},{\"@type\":\"BreadcrumbList\",\"@id\":\"https:\/\/www.aperosmaravilla.com\/product\/frenos-26\/#breadcrumb\",\"itemListElement\":[{\"@type\":\"ListItem\",\"position\":1,\"name\":\"Portada\",\"item\":\"https:\/\/www.aperosmaravilla.com\/\"},{\"@type\":\"ListItem\",\"position\":2,\"name\":\"Cat\u00e1logo\",\"item\":\"https:\/\/www.aperosmaravilla.com\/catalogo\/\"},{\"@type\":\"ListItem\",\"position\":3,\"name\":\"Sapo Bocado U Cerrada\"}]},{\"@type\":\"WebSite\",\"@id\":\"https:\/\/www.aperosmaravilla.com\/#website\",\"url\":\"https:\/\/www.aperosmaravilla.com\/\",\"name\":\"Aperos Maravilla\",\"description\":\"Fabricamos sillas de montar, creamos piezas de arte de alta calidad con artesanos que buscan la perfecci&oacute;n en cada detalle.\",\"publisher\":{\"@id\":\"https:\/\/www.aperosmaravilla.com\/#organization\"},\"potentialAction\":[{\"@type\":\"SearchAction\",\"target\":{\"@type\":\"EntryPoint\",\"urlTemplate\":\"https:\/\/www.aperosmaravilla.com\/?s={search_term_string}\"},\"query-input\":{\"@type\":\"PropertyValueSpecification\",\"valueRequired\":true,\"valueName\":\"search_term_string\"}}],\"inLanguage\":\"ar\"},{\"@type\":\"Organization\",\"@id\":\"https:\/\/www.aperosmaravilla.com\/#organization\",\"name\":\"Aperos Maravilla\",\"url\":\"https:\/\/www.aperosmaravilla.com\/\",\"logo\":{\"@type\":\"ImageObject\",\"inLanguage\":\"ar\",\"@id\":\"https:\/\/www.aperosmaravilla.com\/#\/schema\/logo\/image\/\",\"url\":\"https:\/\/www.aperosmaravilla.com\/wp-content\/uploads\/2025\/08\/pagina-principal.jpg\",\"contentUrl\":\"https:\/\/www.aperosmaravilla.com\/wp-content\/uploads\/2025\/08\/pagina-principal.jpg\",\"width\":1200,\"height\":812,\"caption\":\"Aperos Maravilla\"},\"image\":{\"@id\":\"https:\/\/www.aperosmaravilla.com\/#\/schema\/logo\/image\/\"},\"sameAs\":[\"https:\/\/www.facebook.com\/aperosmaravilla\"]}]}<\/script>\n<!-- \/ Yoast SEO Premium plugin. -->","yoast_head_json":{"title":"Sapo Bocado U Cerrada - Aperos Maravilla","robots":{"index":"index","follow":"follow","max-snippet":"max-snippet:-1","max-image-preview":"max-image-preview:large","max-video-preview":"max-video-preview:-1"},"canonical":"https:\/\/www.aperosmaravilla.com\/ar\/product\/frenos-26\/?wmc-currency=AED","og_locale":"ar_AR","og_type":"article","og_title":"Sapo Bocado U Cerrada","og_description":"Como chal\u00e1n y conocedor del caballo criollo colombiano, te aseguro que el Sapo Bocado U Cerrada combina firmeza y delicadeza en cada contacto. Ideal para quienes buscan control preciso con un dise\u00f1o llamativo y funcional.   \u00bfQuieres este? Hablemos por WhatsApp","og_url":"https:\/\/www.aperosmaravilla.com\/ar\/product\/frenos-26\/?wmc-currency=AED","og_site_name":"Aperos Maravilla","article_publisher":"https:\/\/www.facebook.com\/aperosmaravilla","article_modified_time":"2025-08-19T14:26:33+00:00","og_image":[{"width":750,"height":527,"url":"https:\/\/www.aperosmaravilla.com\/wp-content\/uploads\/2025\/04\/Frenosaperos25.jpg","type":"image\/jpeg"}],"twitter_card":"summary_large_image","twitter_misc":{"\u0648\u0642\u062a \u0627\u0644\u0642\u0631\u0627\u0621\u0629 \u0627\u0644\u0645\u064f\u0642\u062f\u0651\u0631":"\u062f\u0642\u064a\u0642\u0629 \u0648\u0627\u062d\u062f\u0629"},"schema":{"@context":"https:\/\/schema.org","@graph":[{"@type":"WebPage","@id":"https:\/\/www.aperosmaravilla.com\/product\/frenos-26\/","url":"https:\/\/www.aperosmaravilla.com\/product\/frenos-26\/","name":"Sapo Bocado U Cerrada - Aperos Maravilla","isPartOf":{"@id":"https:\/\/www.aperosmaravilla.com\/#website"},"primaryImageOfPage":{"@id":"https:\/\/www.aperosmaravilla.com\/product\/frenos-26\/#primaryimage"},"image":{"@id":"https:\/\/www.aperosmaravilla.com\/product\/frenos-26\/#primaryimage"},"thumbnailUrl":"https:\/\/www.aperosmaravilla.com\/wp-content\/uploads\/2025\/04\/Frenosaperos25.jpg","datePublished":"2025-04-08T23:42:10+00:00","dateModified":"2025-08-19T14:26:33+00:00","breadcrumb":{"@id":"https:\/\/www.aperosmaravilla.com\/product\/frenos-26\/#breadcrumb"},"inLanguage":"ar","potentialAction":[{"@type":"ReadAction","target":["https:\/\/www.aperosmaravilla.com\/product\/frenos-26\/"]}]},{"@type":"ImageObject","inLanguage":"ar","@id":"https:\/\/www.aperosmaravilla.com\/product\/frenos-26\/#primaryimage","url":"https:\/\/www.aperosmaravilla.com\/wp-content\/uploads\/2025\/04\/Frenosaperos25.jpg","contentUrl":"https:\/\/www.aperosmaravilla.com\/wp-content\/uploads\/2025\/04\/Frenosaperos25.jpg","width":750,"height":527},{"@type":"BreadcrumbList","@id":"https:\/\/www.aperosmaravilla.com\/product\/frenos-26\/#breadcrumb","itemListElement":[{"@type":"ListItem","position":1,"name":"Portada","item":"https:\/\/www.aperosmaravilla.com\/"},{"@type":"ListItem","position":2,"name":"Cat\u00e1logo","item":"https:\/\/www.aperosmaravilla.com\/catalogo\/"},{"@type":"ListItem","position":3,"name":"Sapo Bocado U Cerrada"}]},{"@type":"WebSite","@id":"https:\/\/www.aperosmaravilla.com\/#website","url":"https:\/\/www.aperosmaravilla.com\/","name":"\u0623\u062f\u0648\u0627\u062a \u0623\u0639\u062c\u0648\u0628\u0629","description":"Fabricamos sillas de montar, creamos piezas de arte de alta calidad con artesanos que buscan la perfecci&oacute;n en cada detalle.","publisher":{"@id":"https:\/\/www.aperosmaravilla.com\/#organization"},"potentialAction":[{"@type":"SearchAction","target":{"@type":"EntryPoint","urlTemplate":"https:\/\/www.aperosmaravilla.com\/?s={search_term_string}"},"query-input":{"@type":"PropertyValueSpecification","valueRequired":true,"valueName":"search_term_string"}}],"inLanguage":"ar"},{"@type":"Organization","@id":"https:\/\/www.aperosmaravilla.com\/#organization","name":"\u0623\u062f\u0648\u0627\u062a \u0623\u0639\u062c\u0648\u0628\u0629","url":"https:\/\/www.aperosmaravilla.com\/","logo":{"@type":"ImageObject","inLanguage":"ar","@id":"https:\/\/www.aperosmaravilla.com\/#\/schema\/logo\/image\/","url":"https:\/\/www.aperosmaravilla.com\/wp-content\/uploads\/2025\/08\/pagina-principal.jpg","contentUrl":"https:\/\/www.aperosmaravilla.com\/wp-content\/uploads\/2025\/08\/pagina-principal.jpg","width":1200,"height":812,"caption":"Aperos Maravilla"},"image":{"@id":"https:\/\/www.aperosmaravilla.com\/#\/schema\/logo\/image\/"},"sameAs":["https:\/\/www.facebook.com\/aperosmaravilla"]}]}},"_links":{"self":[{"href":"https:\/\/www.aperosmaravilla.com\/ar\/wp-json\/wp\/v2\/product\/2681","targetHints":{"allow":["GET"]}}],"collection":[{"href":"https:\/\/www.aperosmaravilla.com\/ar\/wp-json\/wp\/v2\/product"}],"about":[{"href":"https:\/\/www.aperosmaravilla.com\/ar\/wp-json\/wp\/v2\/types\/product"}],"replies":[{"embeddable":true,"href":"https:\/\/www.aperosmaravilla.com\/ar\/wp-json\/wp\/v2\/comments?post=2681"}],"wp:featuredmedia":[{"embeddable":true,"href":"https:\/\/www.aperosmaravilla.com\/ar\/wp-json\/wp\/v2\/media\/1555"}],"wp:attachment":[{"href":"https:\/\/www.aperosmaravilla.com\/ar\/wp-json\/wp\/v2\/media?parent=2681"}],"wp:term":[{"taxonomy":"product_brand","embeddable":true,"href":"https:\/\/www.aperosmaravilla.com\/ar\/wp-json\/wp\/v2\/product_brand?post=2681"},{"taxonomy":"product_cat","embeddable":true,"href":"https:\/\/www.aperosmaravilla.com\/ar\/wp-json\/wp\/v2\/product_cat?post=2681"},{"taxonomy":"product_tag","embeddable":true,"href":"https:\/\/www.aperosmaravilla.com\/ar\/wp-json\/wp\/v2\/product_tag?post=2681"}],"curies":[{"name":"wp","href":"https:\/\/api.w.org\/{rel}","templated":true}]}}