{"id":2676,"date":"2025-04-08T23:42:07","date_gmt":"2025-04-08T23:42:07","guid":{"rendered":"https:\/\/www.aperosmaravilla.com\/product\/frenos-21\/"},"modified":"2025-07-28T15:31:01","modified_gmt":"2025-07-28T15:31:01","slug":"frenos-21","status":"publish","type":"product","link":"https:\/\/www.aperosmaravilla.com\/ar\/product\/frenos-21\/","title":{"rendered":"Sapo con Bocado U Cerrada"},"content":{"rendered":"<p>Este freno estilo sapo destaca por su funcionalidad y dise\u00f1o tradicional, pensado para jinetes que necesitan una acci\u00f3n precisa pero equilibrada. Su estructura permite un buen apalancamiento sin generar incomodidades excesivas al ejemplar.<\/p>\n<p>El bocado en forma de U cerrada ofrece un contacto m\u00e1s envolvente sobre la lengua del caballo, ideal para ejemplares que ya han tenido formaci\u00f3n b\u00e1sica y requieren un toque m\u00e1s decidido. Al mantener una forma cerrada, permite un mejor ajuste y direcci\u00f3n sin rigideces innecesarias.<\/p>\n<p>Con detalles forjados y una cadena bien calibrada, este freno es confiable tanto en trabajo como en cabalgatas largas. La elecci\u00f3n perfecta para quienes conocen la importancia de una buena herramienta en la comunicaci\u00f3n con su caballo.<\/p>","protected":false},"excerpt":{"rendered":"<p>Freno estilo sapo con bocado en U cerrada que brinda firmeza sin perder la suavidad, ideal para jinetes que exigen control y respuesta inmediata.<\/p>\n<p>\u00bfQuieres este? Hablemos por WhatsApp<\/p>","protected":false},"featured_media":1550,"comment_status":"closed","ping_status":"closed","template":"","meta":{"inline_featured_image":false},"product_brand":[],"product_cat":[118,130],"product_tag":[],"class_list":{"0":"post-2676","1":"product","2":"type-product","3":"status-publish","4":"has-post-thumbnail","6":"product_cat-accesorios","7":"product_cat-frenos","9":"first","10":"instock","11":"purchasable","12":"product-type-simple"},"yoast_head":"<!-- This site is optimized with the Yoast SEO Premium plugin v25.7 (Yoast SEO v26.3) - https:\/\/yoast.com\/wordpress\/plugins\/seo\/ -->\n<title>Sapo con Bocado U Cerrada - Aperos Maravilla<\/title>\n<meta name=\"robots\" content=\"index, follow, max-snippet:-1, max-image-preview:large, max-video-preview:-1\" \/>\n<link rel=\"canonical\" href=\"https:\/\/www.aperosmaravilla.com\/ar\/product\/frenos-21\/?wmc-currency=AED\" \/>\n<meta property=\"og:locale\" content=\"ar_AR\" \/>\n<meta property=\"og:type\" content=\"article\" \/>\n<meta property=\"og:title\" content=\"Sapo con Bocado U Cerrada\" \/>\n<meta property=\"og:description\" content=\"Freno estilo sapo con bocado en U cerrada que brinda firmeza sin perder la suavidad, ideal para jinetes que exigen control y respuesta inmediata.  \u00bfQuieres este? Hablemos por WhatsApp\" \/>\n<meta property=\"og:url\" content=\"https:\/\/www.aperosmaravilla.com\/ar\/product\/frenos-21\/?wmc-currency=AED\" \/>\n<meta property=\"og:site_name\" content=\"Aperos Maravilla\" \/>\n<meta property=\"article:publisher\" content=\"https:\/\/www.facebook.com\/aperosmaravilla\" \/>\n<meta property=\"article:modified_time\" content=\"2025-07-28T15:31:01+00:00\" \/>\n<meta property=\"og:image\" content=\"https:\/\/www.aperosmaravilla.com\/wp-content\/uploads\/2025\/04\/Frenosaperos20.jpg\" \/>\n\t<meta property=\"og:image:width\" content=\"750\" \/>\n\t<meta property=\"og:image:height\" content=\"578\" \/>\n\t<meta property=\"og:image:type\" content=\"image\/jpeg\" \/>\n<meta name=\"twitter:card\" content=\"summary_large_image\" \/>\n<meta name=\"twitter:label1\" content=\"\u0648\u0642\u062a \u0627\u0644\u0642\u0631\u0627\u0621\u0629 \u0627\u0644\u0645\u064f\u0642\u062f\u0651\u0631\" \/>\n\t<meta name=\"twitter:data1\" content=\"\u062f\u0642\u064a\u0642\u0629 \u0648\u0627\u062d\u062f\u0629\" \/>\n<script type=\"application\/ld+json\" class=\"yoast-schema-graph\">{\"@context\":\"https:\/\/schema.org\",\"@graph\":[{\"@type\":\"WebPage\",\"@id\":\"https:\/\/www.aperosmaravilla.com\/product\/frenos-21\/\",\"url\":\"https:\/\/www.aperosmaravilla.com\/product\/frenos-21\/\",\"name\":\"Sapo con Bocado U Cerrada - Aperos Maravilla\",\"isPartOf\":{\"@id\":\"https:\/\/www.aperosmaravilla.com\/#website\"},\"primaryImageOfPage\":{\"@id\":\"https:\/\/www.aperosmaravilla.com\/product\/frenos-21\/#primaryimage\"},\"image\":{\"@id\":\"https:\/\/www.aperosmaravilla.com\/product\/frenos-21\/#primaryimage\"},\"thumbnailUrl\":\"https:\/\/www.aperosmaravilla.com\/wp-content\/uploads\/2025\/04\/Frenosaperos20.jpg\",\"datePublished\":\"2025-04-08T23:42:07+00:00\",\"dateModified\":\"2025-07-28T15:31:01+00:00\",\"breadcrumb\":{\"@id\":\"https:\/\/www.aperosmaravilla.com\/product\/frenos-21\/#breadcrumb\"},\"inLanguage\":\"ar\",\"potentialAction\":[{\"@type\":\"ReadAction\",\"target\":[\"https:\/\/www.aperosmaravilla.com\/product\/frenos-21\/\"]}]},{\"@type\":\"ImageObject\",\"inLanguage\":\"ar\",\"@id\":\"https:\/\/www.aperosmaravilla.com\/product\/frenos-21\/#primaryimage\",\"url\":\"https:\/\/www.aperosmaravilla.com\/wp-content\/uploads\/2025\/04\/Frenosaperos20.jpg\",\"contentUrl\":\"https:\/\/www.aperosmaravilla.com\/wp-content\/uploads\/2025\/04\/Frenosaperos20.jpg\",\"width\":750,\"height\":578},{\"@type\":\"BreadcrumbList\",\"@id\":\"https:\/\/www.aperosmaravilla.com\/product\/frenos-21\/#breadcrumb\",\"itemListElement\":[{\"@type\":\"ListItem\",\"position\":1,\"name\":\"Portada\",\"item\":\"https:\/\/www.aperosmaravilla.com\/\"},{\"@type\":\"ListItem\",\"position\":2,\"name\":\"Cat\u00e1logo\",\"item\":\"https:\/\/www.aperosmaravilla.com\/catalogo\/\"},{\"@type\":\"ListItem\",\"position\":3,\"name\":\"Sapo con Bocado U Cerrada\"}]},{\"@type\":\"WebSite\",\"@id\":\"https:\/\/www.aperosmaravilla.com\/#website\",\"url\":\"https:\/\/www.aperosmaravilla.com\/\",\"name\":\"Aperos Maravilla\",\"description\":\"Fabricamos sillas de montar, creamos piezas de arte de alta calidad con artesanos que buscan la perfecci&oacute;n en cada detalle.\",\"publisher\":{\"@id\":\"https:\/\/www.aperosmaravilla.com\/#organization\"},\"potentialAction\":[{\"@type\":\"SearchAction\",\"target\":{\"@type\":\"EntryPoint\",\"urlTemplate\":\"https:\/\/www.aperosmaravilla.com\/?s={search_term_string}\"},\"query-input\":{\"@type\":\"PropertyValueSpecification\",\"valueRequired\":true,\"valueName\":\"search_term_string\"}}],\"inLanguage\":\"ar\"},{\"@type\":\"Organization\",\"@id\":\"https:\/\/www.aperosmaravilla.com\/#organization\",\"name\":\"Aperos Maravilla\",\"url\":\"https:\/\/www.aperosmaravilla.com\/\",\"logo\":{\"@type\":\"ImageObject\",\"inLanguage\":\"ar\",\"@id\":\"https:\/\/www.aperosmaravilla.com\/#\/schema\/logo\/image\/\",\"url\":\"https:\/\/www.aperosmaravilla.com\/wp-content\/uploads\/2025\/08\/pagina-principal.jpg\",\"contentUrl\":\"https:\/\/www.aperosmaravilla.com\/wp-content\/uploads\/2025\/08\/pagina-principal.jpg\",\"width\":1200,\"height\":812,\"caption\":\"Aperos Maravilla\"},\"image\":{\"@id\":\"https:\/\/www.aperosmaravilla.com\/#\/schema\/logo\/image\/\"},\"sameAs\":[\"https:\/\/www.facebook.com\/aperosmaravilla\"]}]}<\/script>\n<!-- \/ Yoast SEO Premium plugin. -->","yoast_head_json":{"title":"Sapo con Bocado U Cerrada - Aperos Maravilla","robots":{"index":"index","follow":"follow","max-snippet":"max-snippet:-1","max-image-preview":"max-image-preview:large","max-video-preview":"max-video-preview:-1"},"canonical":"https:\/\/www.aperosmaravilla.com\/ar\/product\/frenos-21\/?wmc-currency=AED","og_locale":"ar_AR","og_type":"article","og_title":"Sapo con Bocado U Cerrada","og_description":"Freno estilo sapo con bocado en U cerrada que brinda firmeza sin perder la suavidad, ideal para jinetes que exigen control y respuesta inmediata.  \u00bfQuieres este? Hablemos por WhatsApp","og_url":"https:\/\/www.aperosmaravilla.com\/ar\/product\/frenos-21\/?wmc-currency=AED","og_site_name":"Aperos Maravilla","article_publisher":"https:\/\/www.facebook.com\/aperosmaravilla","article_modified_time":"2025-07-28T15:31:01+00:00","og_image":[{"width":750,"height":578,"url":"https:\/\/www.aperosmaravilla.com\/wp-content\/uploads\/2025\/04\/Frenosaperos20.jpg","type":"image\/jpeg"}],"twitter_card":"summary_large_image","twitter_misc":{"\u0648\u0642\u062a \u0627\u0644\u0642\u0631\u0627\u0621\u0629 \u0627\u0644\u0645\u064f\u0642\u062f\u0651\u0631":"\u062f\u0642\u064a\u0642\u0629 \u0648\u0627\u062d\u062f\u0629"},"schema":{"@context":"https:\/\/schema.org","@graph":[{"@type":"WebPage","@id":"https:\/\/www.aperosmaravilla.com\/product\/frenos-21\/","url":"https:\/\/www.aperosmaravilla.com\/product\/frenos-21\/","name":"Sapo con Bocado U Cerrada - Aperos Maravilla","isPartOf":{"@id":"https:\/\/www.aperosmaravilla.com\/#website"},"primaryImageOfPage":{"@id":"https:\/\/www.aperosmaravilla.com\/product\/frenos-21\/#primaryimage"},"image":{"@id":"https:\/\/www.aperosmaravilla.com\/product\/frenos-21\/#primaryimage"},"thumbnailUrl":"https:\/\/www.aperosmaravilla.com\/wp-content\/uploads\/2025\/04\/Frenosaperos20.jpg","datePublished":"2025-04-08T23:42:07+00:00","dateModified":"2025-07-28T15:31:01+00:00","breadcrumb":{"@id":"https:\/\/www.aperosmaravilla.com\/product\/frenos-21\/#breadcrumb"},"inLanguage":"ar","potentialAction":[{"@type":"ReadAction","target":["https:\/\/www.aperosmaravilla.com\/product\/frenos-21\/"]}]},{"@type":"ImageObject","inLanguage":"ar","@id":"https:\/\/www.aperosmaravilla.com\/product\/frenos-21\/#primaryimage","url":"https:\/\/www.aperosmaravilla.com\/wp-content\/uploads\/2025\/04\/Frenosaperos20.jpg","contentUrl":"https:\/\/www.aperosmaravilla.com\/wp-content\/uploads\/2025\/04\/Frenosaperos20.jpg","width":750,"height":578},{"@type":"BreadcrumbList","@id":"https:\/\/www.aperosmaravilla.com\/product\/frenos-21\/#breadcrumb","itemListElement":[{"@type":"ListItem","position":1,"name":"Portada","item":"https:\/\/www.aperosmaravilla.com\/"},{"@type":"ListItem","position":2,"name":"Cat\u00e1logo","item":"https:\/\/www.aperosmaravilla.com\/catalogo\/"},{"@type":"ListItem","position":3,"name":"Sapo con Bocado U Cerrada"}]},{"@type":"WebSite","@id":"https:\/\/www.aperosmaravilla.com\/#website","url":"https:\/\/www.aperosmaravilla.com\/","name":"\u0623\u062f\u0648\u0627\u062a \u0623\u0639\u062c\u0648\u0628\u0629","description":"Fabricamos sillas de montar, creamos piezas de arte de alta calidad con artesanos que buscan la perfecci&oacute;n en cada detalle.","publisher":{"@id":"https:\/\/www.aperosmaravilla.com\/#organization"},"potentialAction":[{"@type":"SearchAction","target":{"@type":"EntryPoint","urlTemplate":"https:\/\/www.aperosmaravilla.com\/?s={search_term_string}"},"query-input":{"@type":"PropertyValueSpecification","valueRequired":true,"valueName":"search_term_string"}}],"inLanguage":"ar"},{"@type":"Organization","@id":"https:\/\/www.aperosmaravilla.com\/#organization","name":"\u0623\u062f\u0648\u0627\u062a \u0623\u0639\u062c\u0648\u0628\u0629","url":"https:\/\/www.aperosmaravilla.com\/","logo":{"@type":"ImageObject","inLanguage":"ar","@id":"https:\/\/www.aperosmaravilla.com\/#\/schema\/logo\/image\/","url":"https:\/\/www.aperosmaravilla.com\/wp-content\/uploads\/2025\/08\/pagina-principal.jpg","contentUrl":"https:\/\/www.aperosmaravilla.com\/wp-content\/uploads\/2025\/08\/pagina-principal.jpg","width":1200,"height":812,"caption":"Aperos Maravilla"},"image":{"@id":"https:\/\/www.aperosmaravilla.com\/#\/schema\/logo\/image\/"},"sameAs":["https:\/\/www.facebook.com\/aperosmaravilla"]}]}},"_links":{"self":[{"href":"https:\/\/www.aperosmaravilla.com\/ar\/wp-json\/wp\/v2\/product\/2676","targetHints":{"allow":["GET"]}}],"collection":[{"href":"https:\/\/www.aperosmaravilla.com\/ar\/wp-json\/wp\/v2\/product"}],"about":[{"href":"https:\/\/www.aperosmaravilla.com\/ar\/wp-json\/wp\/v2\/types\/product"}],"replies":[{"embeddable":true,"href":"https:\/\/www.aperosmaravilla.com\/ar\/wp-json\/wp\/v2\/comments?post=2676"}],"wp:featuredmedia":[{"embeddable":true,"href":"https:\/\/www.aperosmaravilla.com\/ar\/wp-json\/wp\/v2\/media\/1550"}],"wp:attachment":[{"href":"https:\/\/www.aperosmaravilla.com\/ar\/wp-json\/wp\/v2\/media?parent=2676"}],"wp:term":[{"taxonomy":"product_brand","embeddable":true,"href":"https:\/\/www.aperosmaravilla.com\/ar\/wp-json\/wp\/v2\/product_brand?post=2676"},{"taxonomy":"product_cat","embeddable":true,"href":"https:\/\/www.aperosmaravilla.com\/ar\/wp-json\/wp\/v2\/product_cat?post=2676"},{"taxonomy":"product_tag","embeddable":true,"href":"https:\/\/www.aperosmaravilla.com\/ar\/wp-json\/wp\/v2\/product_tag?post=2676"}],"curies":[{"name":"wp","href":"https:\/\/api.w.org\/{rel}","templated":true}]}}