{"id":1137,"date":"2025-03-20T03:43:17","date_gmt":"2025-03-20T03:43:17","guid":{"rendered":"https:\/\/www.aperosmaravilla.com\/product\/fonseca-con-cabeza-forrada\/"},"modified":"2025-08-19T22:52:04","modified_gmt":"2025-08-19T22:52:04","slug":"fonseca-con-cabeza-forrada","status":"publish","type":"product","link":"https:\/\/www.aperosmaravilla.com\/ar\/product\/fonseca-con-cabeza-forrada\/","title":{"rendered":"\u0641\u0648\u0646\u0633\u064a\u0643\u0627 \u0631\u0626\u064a\u0633 \u0645\u0628\u0637\u0646\u0629"},"content":{"rendered":"<h2><strong>\u0641\u0648\u0646\u0633\u064a\u0643\u0627 \u0631\u0626\u064a\u0633 \u0645\u0628\u0637\u0646\u0629<\/strong><\/h2>\n<p>En esta versi\u00f3n de la silla Fonseca, hemos logrado forrar toda su estructura, incluyendo la cabeza, para crear una montura completamente oscura y elegante. Puedes elegir entre cuero negro mate o negro brillante, seg\u00fan tu preferencia, asegurando un acabado que se adapte a tu estilo. Este proceso se define durante la fabricaci\u00f3n, por lo que es importante seleccionar el tono de negro que deseas al momento de hacer tu pedido. Un dise\u00f1o uniforme y sofisticado que resalta por su est\u00e9tica impecable y su atenci\u00f3n a los detalles.<\/p>\n<p>&nbsp;<\/p>\n<table style=\"height: 364px;\" width=\"808\">\n<tbody>\n<tr>\n<th><img decoding=\"async\" class=\"wp-image-3003 aligncenter lazyload\" data-src=\"https:\/\/www.aperosmaravilla.com\/wp-content\/uploads\/2025\/04\/Delantera-400x400.webp\" alt=\"\" width=\"200\" height=\"200\" data-srcset=\"https:\/\/www.aperosmaravilla.com\/wp-content\/uploads\/2025\/04\/Delantera-400x400.webp 400w, https:\/\/www.aperosmaravilla.com\/wp-content\/uploads\/2025\/04\/Delantera-800x800.webp 800w, https:\/\/www.aperosmaravilla.com\/wp-content\/uploads\/2025\/04\/Delantera-280x280.webp 280w, https:\/\/www.aperosmaravilla.com\/wp-content\/uploads\/2025\/04\/Delantera-768x768.webp 768w, https:\/\/www.aperosmaravilla.com\/wp-content\/uploads\/2025\/04\/Delantera-12x12.webp 12w, https:\/\/www.aperosmaravilla.com\/wp-content\/uploads\/2025\/04\/Delantera-100x100.webp 100w, https:\/\/www.aperosmaravilla.com\/wp-content\/uploads\/2025\/04\/Delantera-50x50.webp 50w, https:\/\/www.aperosmaravilla.com\/wp-content\/uploads\/2025\/04\/Delantera.webp 1024w\" data-sizes=\"(max-width: 200px) 100vw, 200px\" src=\"data:image\/svg+xml;base64,PHN2ZyB3aWR0aD0iMSIgaGVpZ2h0PSIxIiB4bWxucz0iaHR0cDovL3d3dy53My5vcmcvMjAwMC9zdmciPjwvc3ZnPg==\" style=\"--smush-placeholder-width: 200px; --smush-placeholder-aspect-ratio: 200\/200;\" \/><\/th>\n<th><img decoding=\"async\" class=\"wp-image-3002 aligncenter lazyload\" data-src=\"https:\/\/www.aperosmaravilla.com\/wp-content\/uploads\/2025\/04\/Lateral-400x400.webp\" alt=\"\" width=\"200\" height=\"200\" data-srcset=\"https:\/\/www.aperosmaravilla.com\/wp-content\/uploads\/2025\/04\/Lateral-400x400.webp 400w, https:\/\/www.aperosmaravilla.com\/wp-content\/uploads\/2025\/04\/Lateral-800x800.webp 800w, https:\/\/www.aperosmaravilla.com\/wp-content\/uploads\/2025\/04\/Lateral-280x280.webp 280w, https:\/\/www.aperosmaravilla.com\/wp-content\/uploads\/2025\/04\/Lateral-768x768.webp 768w, https:\/\/www.aperosmaravilla.com\/wp-content\/uploads\/2025\/04\/Lateral-12x12.webp 12w, https:\/\/www.aperosmaravilla.com\/wp-content\/uploads\/2025\/04\/Lateral-100x100.webp 100w, https:\/\/www.aperosmaravilla.com\/wp-content\/uploads\/2025\/04\/Lateral-50x50.webp 50w, https:\/\/www.aperosmaravilla.com\/wp-content\/uploads\/2025\/04\/Lateral.webp 1024w\" data-sizes=\"(max-width: 200px) 100vw, 200px\" src=\"data:image\/svg+xml;base64,PHN2ZyB3aWR0aD0iMSIgaGVpZ2h0PSIxIiB4bWxucz0iaHR0cDovL3d3dy53My5vcmcvMjAwMC9zdmciPjwvc3ZnPg==\" style=\"--smush-placeholder-width: 200px; --smush-placeholder-aspect-ratio: 200\/200;\" \/><\/th>\n<th><img decoding=\"async\" class=\"wp-image-3001 aligncenter lazyload\" data-src=\"https:\/\/www.aperosmaravilla.com\/wp-content\/uploads\/2025\/04\/Trasera-400x400.webp\" alt=\"\" width=\"200\" height=\"200\" data-srcset=\"https:\/\/www.aperosmaravilla.com\/wp-content\/uploads\/2025\/04\/Trasera-400x400.webp 400w, https:\/\/www.aperosmaravilla.com\/wp-content\/uploads\/2025\/04\/Trasera-800x800.webp 800w, https:\/\/www.aperosmaravilla.com\/wp-content\/uploads\/2025\/04\/Trasera-280x280.webp 280w, https:\/\/www.aperosmaravilla.com\/wp-content\/uploads\/2025\/04\/Trasera-768x768.webp 768w, https:\/\/www.aperosmaravilla.com\/wp-content\/uploads\/2025\/04\/Trasera-12x12.webp 12w, https:\/\/www.aperosmaravilla.com\/wp-content\/uploads\/2025\/04\/Trasera-100x100.webp 100w, https:\/\/www.aperosmaravilla.com\/wp-content\/uploads\/2025\/04\/Trasera-50x50.webp 50w, https:\/\/www.aperosmaravilla.com\/wp-content\/uploads\/2025\/04\/Trasera.webp 1024w\" data-sizes=\"(max-width: 200px) 100vw, 200px\" src=\"data:image\/svg+xml;base64,PHN2ZyB3aWR0aD0iMSIgaGVpZ2h0PSIxIiB4bWxucz0iaHR0cDovL3d3dy53My5vcmcvMjAwMC9zdmciPjwvc3ZnPg==\" style=\"--smush-placeholder-width: 200px; --smush-placeholder-aspect-ratio: 200\/200;\" \/><\/th>\n<\/tr>\n<tr>\n<td style=\"text-align: center;\"><span style=\"font-family: milena-inked; font-size: 140%;\">Medida entre Barras <\/span><\/td>\n<td style=\"text-align: center;\"><span style=\"font-family: milena-inked; font-size: 140%;\">Medidas Disponibles<\/span><\/td>\n<td style=\"text-align: center;\"><span style=\"font-family: milena-inked; font-size: 140%;\">Altura de Trasero<\/span><\/td>\n<\/tr>\n<tr>\n<td style=\"text-align: center;\">Para Criollo: 6&#8243;<\/td>\n<td style=\"text-align: center;\">14&#8243; 14.5&#8243; 15&#8243; 15.5&#8243; 16&#8243; 16.5&#8243;<\/td>\n<td style=\"text-align: center;\">3.5&#8243; 4&#8243;<\/td>\n<\/tr>\n<\/tbody>\n<\/table>","protected":false},"excerpt":{"rendered":"<p>La silla Fonseca en un distintivo negro mate, con su cabeza forrada para lograr un dise\u00f1o completamente negro en toda su estructura. Elegante, uniforme y sofisticada en cada detalle.<\/p>\n<p>\u00bfQuieres esta? Hablemos por WhatsApp<\/p>\n<p>&nbsp;<\/p>\n<p>&nbsp;<\/p>","protected":false},"featured_media":1075,"comment_status":"closed","ping_status":"closed","template":"","meta":{"inline_featured_image":false},"product_brand":[],"product_cat":[107,109,108],"product_tag":[],"class_list":{"0":"post-1137","1":"product","2":"type-product","3":"status-publish","4":"has-post-thumbnail","6":"product_cat-nuestras-sillas-de-montar","7":"product_cat-sillas-de-cabalgata","8":"product_cat-sillas-de-paseo","10":"first","11":"instock","12":"purchasable","13":"product-type-simple"},"yoast_head":"<!-- This site is optimized with the Yoast SEO Premium plugin v25.7 (Yoast SEO v26.3) - https:\/\/yoast.com\/wordpress\/plugins\/seo\/ -->\n<title>Fonseca con cabeza Forrada - Aperos Maravilla<\/title>\n<meta name=\"robots\" content=\"index, follow, max-snippet:-1, max-image-preview:large, max-video-preview:-1\" \/>\n<link rel=\"canonical\" href=\"https:\/\/www.aperosmaravilla.com\/ar\/product\/fonseca-con-cabeza-forrada\/?wmc-currency=AED\" \/>\n<meta property=\"og:locale\" content=\"ar_AR\" \/>\n<meta property=\"og:type\" content=\"article\" \/>\n<meta property=\"og:title\" content=\"Fonseca con cabeza Forrada\" \/>\n<meta property=\"og:description\" content=\"La silla Fonseca en un distintivo negro mate, con su cabeza forrada para lograr un dise\u00f1o completamente negro en toda su estructura. Elegante, uniforme y sofisticada en cada detalle.  \u00bfQuieres esta? Hablemos por WhatsApp  &nbsp;  &nbsp;\" \/>\n<meta property=\"og:url\" content=\"https:\/\/www.aperosmaravilla.com\/ar\/product\/fonseca-con-cabeza-forrada\/?wmc-currency=AED\" \/>\n<meta property=\"og:site_name\" content=\"Aperos Maravilla\" \/>\n<meta property=\"article:publisher\" content=\"https:\/\/www.facebook.com\/aperosmaravilla\" \/>\n<meta property=\"article:modified_time\" content=\"2025-08-19T22:52:04+00:00\" \/>\n<meta property=\"og:image\" content=\"https:\/\/www.aperosmaravilla.com\/wp-content\/uploads\/2025\/03\/MP-035-FON.jpeg\" \/>\n\t<meta property=\"og:image:width\" content=\"960\" \/>\n\t<meta property=\"og:image:height\" content=\"1280\" \/>\n\t<meta property=\"og:image:type\" content=\"image\/jpeg\" \/>\n<meta name=\"twitter:card\" content=\"summary_large_image\" \/>\n<meta name=\"twitter:label1\" content=\"\u0648\u0642\u062a \u0627\u0644\u0642\u0631\u0627\u0621\u0629 \u0627\u0644\u0645\u064f\u0642\u062f\u0651\u0631\" \/>\n\t<meta name=\"twitter:data1\" content=\"\u062f\u0642\u064a\u0642\u0629 \u0648\u0627\u062d\u062f\u0629\" \/>\n<script type=\"application\/ld+json\" class=\"yoast-schema-graph\">{\"@context\":\"https:\/\/schema.org\",\"@graph\":[{\"@type\":\"WebPage\",\"@id\":\"https:\/\/www.aperosmaravilla.com\/product\/fonseca-con-cabeza-forrada\/\",\"url\":\"https:\/\/www.aperosmaravilla.com\/product\/fonseca-con-cabeza-forrada\/\",\"name\":\"Fonseca con cabeza Forrada - Aperos Maravilla\",\"isPartOf\":{\"@id\":\"https:\/\/www.aperosmaravilla.com\/#website\"},\"primaryImageOfPage\":{\"@id\":\"https:\/\/www.aperosmaravilla.com\/product\/fonseca-con-cabeza-forrada\/#primaryimage\"},\"image\":{\"@id\":\"https:\/\/www.aperosmaravilla.com\/product\/fonseca-con-cabeza-forrada\/#primaryimage\"},\"thumbnailUrl\":\"https:\/\/www.aperosmaravilla.com\/wp-content\/uploads\/2025\/03\/MP-035-FON.jpeg\",\"datePublished\":\"2025-03-20T03:43:17+00:00\",\"dateModified\":\"2025-08-19T22:52:04+00:00\",\"breadcrumb\":{\"@id\":\"https:\/\/www.aperosmaravilla.com\/product\/fonseca-con-cabeza-forrada\/#breadcrumb\"},\"inLanguage\":\"ar\",\"potentialAction\":[{\"@type\":\"ReadAction\",\"target\":[\"https:\/\/www.aperosmaravilla.com\/product\/fonseca-con-cabeza-forrada\/\"]}]},{\"@type\":\"ImageObject\",\"inLanguage\":\"ar\",\"@id\":\"https:\/\/www.aperosmaravilla.com\/product\/fonseca-con-cabeza-forrada\/#primaryimage\",\"url\":\"https:\/\/www.aperosmaravilla.com\/wp-content\/uploads\/2025\/03\/MP-035-FON.jpeg\",\"contentUrl\":\"https:\/\/www.aperosmaravilla.com\/wp-content\/uploads\/2025\/03\/MP-035-FON.jpeg\",\"width\":960,\"height\":1280},{\"@type\":\"BreadcrumbList\",\"@id\":\"https:\/\/www.aperosmaravilla.com\/product\/fonseca-con-cabeza-forrada\/#breadcrumb\",\"itemListElement\":[{\"@type\":\"ListItem\",\"position\":1,\"name\":\"Portada\",\"item\":\"https:\/\/www.aperosmaravilla.com\/\"},{\"@type\":\"ListItem\",\"position\":2,\"name\":\"Cat\u00e1logo\",\"item\":\"https:\/\/www.aperosmaravilla.com\/catalogo\/\"},{\"@type\":\"ListItem\",\"position\":3,\"name\":\"Fonseca con cabeza Forrada\"}]},{\"@type\":\"WebSite\",\"@id\":\"https:\/\/www.aperosmaravilla.com\/#website\",\"url\":\"https:\/\/www.aperosmaravilla.com\/\",\"name\":\"Aperos Maravilla\",\"description\":\"Fabricamos sillas de montar, creamos piezas de arte de alta calidad con artesanos que buscan la perfecci&oacute;n en cada detalle.\",\"publisher\":{\"@id\":\"https:\/\/www.aperosmaravilla.com\/#organization\"},\"potentialAction\":[{\"@type\":\"SearchAction\",\"target\":{\"@type\":\"EntryPoint\",\"urlTemplate\":\"https:\/\/www.aperosmaravilla.com\/?s={search_term_string}\"},\"query-input\":{\"@type\":\"PropertyValueSpecification\",\"valueRequired\":true,\"valueName\":\"search_term_string\"}}],\"inLanguage\":\"ar\"},{\"@type\":\"Organization\",\"@id\":\"https:\/\/www.aperosmaravilla.com\/#organization\",\"name\":\"Aperos Maravilla\",\"url\":\"https:\/\/www.aperosmaravilla.com\/\",\"logo\":{\"@type\":\"ImageObject\",\"inLanguage\":\"ar\",\"@id\":\"https:\/\/www.aperosmaravilla.com\/#\/schema\/logo\/image\/\",\"url\":\"https:\/\/www.aperosmaravilla.com\/wp-content\/uploads\/2025\/08\/pagina-principal.jpg\",\"contentUrl\":\"https:\/\/www.aperosmaravilla.com\/wp-content\/uploads\/2025\/08\/pagina-principal.jpg\",\"width\":1200,\"height\":812,\"caption\":\"Aperos Maravilla\"},\"image\":{\"@id\":\"https:\/\/www.aperosmaravilla.com\/#\/schema\/logo\/image\/\"},\"sameAs\":[\"https:\/\/www.facebook.com\/aperosmaravilla\"]}]}<\/script>\n<!-- \/ Yoast SEO Premium plugin. -->","yoast_head_json":{"title":"Fonseca con cabeza Forrada - Aperos Maravilla","robots":{"index":"index","follow":"follow","max-snippet":"max-snippet:-1","max-image-preview":"max-image-preview:large","max-video-preview":"max-video-preview:-1"},"canonical":"https:\/\/www.aperosmaravilla.com\/ar\/product\/fonseca-con-cabeza-forrada\/?wmc-currency=AED","og_locale":"ar_AR","og_type":"article","og_title":"Fonseca con cabeza Forrada","og_description":"La silla Fonseca en un distintivo negro mate, con su cabeza forrada para lograr un dise\u00f1o completamente negro en toda su estructura. Elegante, uniforme y sofisticada en cada detalle.  \u00bfQuieres esta? Hablemos por WhatsApp  &nbsp;  &nbsp;","og_url":"https:\/\/www.aperosmaravilla.com\/ar\/product\/fonseca-con-cabeza-forrada\/?wmc-currency=AED","og_site_name":"Aperos Maravilla","article_publisher":"https:\/\/www.facebook.com\/aperosmaravilla","article_modified_time":"2025-08-19T22:52:04+00:00","og_image":[{"width":960,"height":1280,"url":"https:\/\/www.aperosmaravilla.com\/wp-content\/uploads\/2025\/03\/MP-035-FON.jpeg","type":"image\/jpeg"}],"twitter_card":"summary_large_image","twitter_misc":{"\u0648\u0642\u062a \u0627\u0644\u0642\u0631\u0627\u0621\u0629 \u0627\u0644\u0645\u064f\u0642\u062f\u0651\u0631":"\u062f\u0642\u064a\u0642\u0629 \u0648\u0627\u062d\u062f\u0629"},"schema":{"@context":"https:\/\/schema.org","@graph":[{"@type":"WebPage","@id":"https:\/\/www.aperosmaravilla.com\/product\/fonseca-con-cabeza-forrada\/","url":"https:\/\/www.aperosmaravilla.com\/product\/fonseca-con-cabeza-forrada\/","name":"Fonseca con cabeza Forrada - Aperos Maravilla","isPartOf":{"@id":"https:\/\/www.aperosmaravilla.com\/#website"},"primaryImageOfPage":{"@id":"https:\/\/www.aperosmaravilla.com\/product\/fonseca-con-cabeza-forrada\/#primaryimage"},"image":{"@id":"https:\/\/www.aperosmaravilla.com\/product\/fonseca-con-cabeza-forrada\/#primaryimage"},"thumbnailUrl":"https:\/\/www.aperosmaravilla.com\/wp-content\/uploads\/2025\/03\/MP-035-FON.jpeg","datePublished":"2025-03-20T03:43:17+00:00","dateModified":"2025-08-19T22:52:04+00:00","breadcrumb":{"@id":"https:\/\/www.aperosmaravilla.com\/product\/fonseca-con-cabeza-forrada\/#breadcrumb"},"inLanguage":"ar","potentialAction":[{"@type":"ReadAction","target":["https:\/\/www.aperosmaravilla.com\/product\/fonseca-con-cabeza-forrada\/"]}]},{"@type":"ImageObject","inLanguage":"ar","@id":"https:\/\/www.aperosmaravilla.com\/product\/fonseca-con-cabeza-forrada\/#primaryimage","url":"https:\/\/www.aperosmaravilla.com\/wp-content\/uploads\/2025\/03\/MP-035-FON.jpeg","contentUrl":"https:\/\/www.aperosmaravilla.com\/wp-content\/uploads\/2025\/03\/MP-035-FON.jpeg","width":960,"height":1280},{"@type":"BreadcrumbList","@id":"https:\/\/www.aperosmaravilla.com\/product\/fonseca-con-cabeza-forrada\/#breadcrumb","itemListElement":[{"@type":"ListItem","position":1,"name":"Portada","item":"https:\/\/www.aperosmaravilla.com\/"},{"@type":"ListItem","position":2,"name":"Cat\u00e1logo","item":"https:\/\/www.aperosmaravilla.com\/catalogo\/"},{"@type":"ListItem","position":3,"name":"Fonseca con cabeza Forrada"}]},{"@type":"WebSite","@id":"https:\/\/www.aperosmaravilla.com\/#website","url":"https:\/\/www.aperosmaravilla.com\/","name":"\u0623\u062f\u0648\u0627\u062a \u0623\u0639\u062c\u0648\u0628\u0629","description":"Fabricamos sillas de montar, creamos piezas de arte de alta calidad con artesanos que buscan la perfecci&oacute;n en cada detalle.","publisher":{"@id":"https:\/\/www.aperosmaravilla.com\/#organization"},"potentialAction":[{"@type":"SearchAction","target":{"@type":"EntryPoint","urlTemplate":"https:\/\/www.aperosmaravilla.com\/?s={search_term_string}"},"query-input":{"@type":"PropertyValueSpecification","valueRequired":true,"valueName":"search_term_string"}}],"inLanguage":"ar"},{"@type":"Organization","@id":"https:\/\/www.aperosmaravilla.com\/#organization","name":"\u0623\u062f\u0648\u0627\u062a \u0623\u0639\u062c\u0648\u0628\u0629","url":"https:\/\/www.aperosmaravilla.com\/","logo":{"@type":"ImageObject","inLanguage":"ar","@id":"https:\/\/www.aperosmaravilla.com\/#\/schema\/logo\/image\/","url":"https:\/\/www.aperosmaravilla.com\/wp-content\/uploads\/2025\/08\/pagina-principal.jpg","contentUrl":"https:\/\/www.aperosmaravilla.com\/wp-content\/uploads\/2025\/08\/pagina-principal.jpg","width":1200,"height":812,"caption":"Aperos Maravilla"},"image":{"@id":"https:\/\/www.aperosmaravilla.com\/#\/schema\/logo\/image\/"},"sameAs":["https:\/\/www.facebook.com\/aperosmaravilla"]}]}},"_links":{"self":[{"href":"https:\/\/www.aperosmaravilla.com\/ar\/wp-json\/wp\/v2\/product\/1137","targetHints":{"allow":["GET"]}}],"collection":[{"href":"https:\/\/www.aperosmaravilla.com\/ar\/wp-json\/wp\/v2\/product"}],"about":[{"href":"https:\/\/www.aperosmaravilla.com\/ar\/wp-json\/wp\/v2\/types\/product"}],"replies":[{"embeddable":true,"href":"https:\/\/www.aperosmaravilla.com\/ar\/wp-json\/wp\/v2\/comments?post=1137"}],"wp:featuredmedia":[{"embeddable":true,"href":"https:\/\/www.aperosmaravilla.com\/ar\/wp-json\/wp\/v2\/media\/1075"}],"wp:attachment":[{"href":"https:\/\/www.aperosmaravilla.com\/ar\/wp-json\/wp\/v2\/media?parent=1137"}],"wp:term":[{"taxonomy":"product_brand","embeddable":true,"href":"https:\/\/www.aperosmaravilla.com\/ar\/wp-json\/wp\/v2\/product_brand?post=1137"},{"taxonomy":"product_cat","embeddable":true,"href":"https:\/\/www.aperosmaravilla.com\/ar\/wp-json\/wp\/v2\/product_cat?post=1137"},{"taxonomy":"product_tag","embeddable":true,"href":"https:\/\/www.aperosmaravilla.com\/ar\/wp-json\/wp\/v2\/product_tag?post=1137"}],"curies":[{"name":"wp","href":"https:\/\/api.w.org\/{rel}","templated":true}]}}